{"id":2717,"date":"2012-04-14T17:35:34","date_gmt":"2012-04-14T15:35:34","guid":{"rendered":"https:\/\/www.surfcorner.ch\/sup-hire\/"},"modified":"2026-03-02T10:16:24","modified_gmt":"2026-03-02T09:16:24","slug":"sup-hire","status":"publish","type":"page","link":"https:\/\/www.surfcorner.ch\/en\/sup-hire\/","title":{"rendered":"SUP hire"},"content":{"rendered":"\n<p>At the lakeside swimming area Lido, a prime location on the Lucerne lake basin, you can hire SUP boards by the hour.<\/p>\n\n<p><u>It&#8217;s important to know that<\/u> there are two ways to hire SUP equipment<u>:<\/u> <\/p>\n\n<h4 class=\"wp-block-heading\"><strong>Rentals at the Lido ticket office (when SUP Center is closed)<\/strong><\/h4>\n\n<p>When the Lido is open, a limited number of SUP boards can always be hired from the Lido ticket office. The current opening hours of the Lido can be found at <a href=\"http:\/\/www.lido-luzern.ch\" target=\"_blank\" rel=\"noopener\">www.lido-luzern.ch<\/a> (or call +41 41 370 38 06). <\/p>\n\n<h4 class=\"wp-block-heading\"><strong>Rent at the SUP Center<\/strong><\/h4>\n\n<p>With over 30 boards, the SUP Center has a wide selection of SUP hardboards and inflatable SUPs for hire. The Surfcorner crew will be happy to answer your questions and provide assistance <\/p>\n\n<p>You can find the planned opening hours in our online calendar. Opening hours may change at short notice due to weather conditions. <\/p>\n\n<h4 class=\"wp-block-heading\"><strong>Opening hours SUP-Center<\/strong><\/h4>\n\n<figure><iframe loading=\"lazy\" src=\"https:\/\/teamup.com\/ks98gfb6gitwqqy65q\" width=\"100%\" height=\"700\" frameborder=\"0\"><\/iframe><\/figure>\n<h4 class=\"wp-block-heading\"><strong>Rental prices<\/strong><\/h4>\n\n<figure class=\"wp-block-table\"><table><tbody><tr><td>1 hour<\/td><td>CHF 25.&#8211;<\/td><\/tr><tr><td>2 hours<\/td><td>CHF 35.&#8211;<\/td><\/tr><tr><td>Every additional hour<\/td><td>CHF 10.&#8211;<\/td><\/tr><tr><td>1 hour Kids Board<\/td><td>CHF 15.&#8211;<\/td><\/tr><\/tbody><\/table><\/figure>\n<h4 class=\"wp-block-heading\"><strong>Included<\/strong><\/h4>\n\n<p>All equipment (board, paddle, life jackets if desired)<\/p>\n\n<h4 class=\"wp-block-heading\"><strong>10-session rental pass<br\/><\/strong><\/h4>\n\n<p>Benefit from a 10-session rental pass. It is transferable for up to <strong>2 people<\/strong>, is valid for hire at the Lido and remains valid for the coming seasons! The 10-session rental pass is available at the SUP center or can be ordered via <a href=\"mailto:info@surfcorner.ch\">info@surfcorner.ch.<\/a>  <\/p>\n\n<p>Price for a 10-ticket CHF 200 <em>(one field is validated per hour).<\/em><\/p>\n\n<h4 class=\"wp-block-heading\"><strong>Liability<\/strong><\/h4>\n\n<p>Liability is the responsibility of the renter<\/p>\n\n<h4 class=\"wp-block-heading\"><strong>Q&amp;A about SUP rental<\/strong><\/h4>\n<div id=\"rank-math-faq\" class=\"rank-math-block\">\n<div class=\"rank-math-list \">\n<div id=\"faq-question-69a555684bc67\" class=\"rank-math-list-item\">\n<h3 class=\"rank-math-question \">K\u00f6nnen SUP-Boards auch gemietet werden, wenn das SUP-Center geschlossen hat?<\/h3>\n<div class=\"rank-math-answer \">\n\n<p>Ja, sofern das Lido Strandbad ge\u00f6ffnet hat. Aufgrund unsicherer Witterung und\/oder aus Gr\u00fcnden der Auslastung kann die Situation entstehen, dass das SUP Center geschlossen ist, obwohl das Strandbad Lido ge\u00f6ffnet hat. In solchen F\u00e4llen stehen dir 6 Boards zur Vermietung zur Verf\u00fcgung, welche an der Lido Kasse gemietet werden k\u00f6nnen.<\/p>\n\n<\/div>\n<\/div>\n<div id=\"faq-question-69a555684bc6d\" class=\"rank-math-list-item\">\n<h3 class=\"rank-math-question \">Bietet ihr Einf\u00fchrungskurse an?<\/h3>\n<div class=\"rank-math-answer \">\n\n<p>Ja, jeweils am Donnerstagabend finden bei uns die  \u00abSUPer-Donnschtig\u00bb-Events statt. Weitere Infos findest du auf unserer  Webseite: https:\/\/www.surfcorner.ch\/sup-stand-up-paddling\/superdonnschtig\/<\/p>\n\n<\/div>\n<\/div>\n<div id=\"faq-question-69a555684bc6e\" class=\"rank-math-list-item\">\n<h3 class=\"rank-math-question \">Habt ihr auch bei unsicherer Wetterlage offen?<\/h3>\n<div class=\"rank-math-answer \">\n\n<p>Es muss nicht immer strahlend sch\u00f6n sein f\u00fcr eine Runde Stand-Up-Paddling. Voraussetzung ist, dass das Lido ge\u00f6ffnet hat.<\/p>\n\n<\/div>\n<\/div>\n<div id=\"faq-question-69a555684bc6f\" class=\"rank-math-list-item\">\n<h3 class=\"rank-math-question \">Was ist Voraussetzung zum Stand-Up-Paddling?<\/h3>\n<div class=\"rank-math-answer \">\n\n<p>Du musst Schwimmen k\u00f6nnen.<\/p>\n\n<\/div>\n<\/div>\n<div id=\"faq-question-69a555684bc70\" class=\"rank-math-list-item\">\n<h3 class=\"rank-math-question \">Kann ich SUP-Material vorab reservieren?<\/h3>\n<div class=\"rank-math-answer \">\n\n<p>Ab einer Anzahl von mindestens 6 Boards kann das Material vorab reserviert werden. Bitte nehmt mit uns Kontakt auf f\u00fcr die Reservation.info@surfcorner.ch <\/p>\n\n<\/div>\n<\/div>\n<div id=\"faq-question-69a555684bc71\" class=\"rank-math-list-item\">\n<h3 class=\"rank-math-question \">Ich \u00fcberlege mir ein Board zu kaufen. Bin ich da bei euch richtig?<\/h3>\n<div class=\"rank-math-answer \">\n\n<p>Ja, gerne beraten wir dich beim den Kauf vom eigenen Material. Aktuelle Modelle verschiedener SUP\u2019s stehen zum Testen bereit und wir unterbreiten dir ein attraktives Angebot.<\/p>\n\n<\/div>\n<\/div>\n<\/div>\n<\/div>\n<p>We look forward to hearing from you if you have any questions or would like to make an individual appointment for a consultation, event or rental:<\/p>\n\n<div class=\"wpcf7 no-js\" id=\"wpcf7-f1181-o1\" lang=\"de-DE\" dir=\"ltr\" data-wpcf7-id=\"1181\">\n<div class=\"screen-reader-response\"><p role=\"status\" aria-live=\"polite\" aria-atomic=\"true\"><\/p> <ul><\/ul><\/div>\n<form action=\"\/en\/wp-json\/wp\/v2\/pages\/2717#wpcf7-f1181-o1\" method=\"post\" class=\"wpcf7-form init\" aria-label=\"Kontaktformular\" novalidate=\"novalidate\" data-status=\"init\">\n<fieldset class=\"hidden-fields-container\"><input type=\"hidden\" name=\"_wpcf7\" value=\"1181\" \/><input type=\"hidden\" name=\"_wpcf7_version\" value=\"6.1.5\" \/><input type=\"hidden\" name=\"_wpcf7_locale\" value=\"de_DE\" \/><input type=\"hidden\" name=\"_wpcf7_unit_tag\" value=\"wpcf7-f1181-o1\" \/><input type=\"hidden\" name=\"_wpcf7_container_post\" value=\"0\" \/><input type=\"hidden\" name=\"_wpcf7_posted_data_hash\" value=\"\" \/>\n<\/fieldset>\n<div class=\"aq-block aq-block-aq_contact_block aq_span12 aq-first cf\">\n\t<p>Name \/ Vorname*\n\t<\/p>\n\t<p><span class=\"wpcf7-form-control-wrap\" data-name=\"your-name\"><input size=\"40\" maxlength=\"400\" class=\"wpcf7-form-control wpcf7-text wpcf7-validates-as-required\" aria-required=\"true\" aria-invalid=\"false\" value=\"\" type=\"text\" name=\"your-name\" \/><\/span>\n\t<\/p>\n\t<p>E-mail*\n\t<\/p>\n\t<p><span class=\"wpcf7-form-control-wrap\" data-name=\"your-email\"><input size=\"40\" maxlength=\"400\" class=\"wpcf7-form-control wpcf7-email wpcf7-validates-as-required wpcf7-text wpcf7-validates-as-email\" aria-required=\"true\" aria-invalid=\"false\" value=\"\" type=\"email\" name=\"your-email\" \/><\/span>\n\t<\/p>\n\t<p>Ihre Anfrage\n\t<\/p>\n\t<p><span class=\"wpcf7-form-control-wrap\" data-name=\"your-message\"><textarea cols=\"40\" rows=\"10\" maxlength=\"2000\" class=\"wpcf7-form-control wpcf7-textarea\" aria-invalid=\"false\" name=\"your-message\"><\/textarea><\/span>\n\t<\/p>\n\t<p><input class=\"wpcf7-form-control wpcf7-submit has-spinner\" type=\"submit\" value=\"Senden\" \/>\n\t<\/p>\n<\/div><div class=\"wpcf7-response-output\" aria-hidden=\"true\"><\/div>\n<\/form>\n<\/div>\n\n","protected":false},"excerpt":{"rendered":"<p>At the lakeside swimming area Lido, a prime location on the Lucerne lake basin, you can hire SUP boards by the hour. It&#8217;s important to know that there are two ways to hire SUP equipment: Rentals at the Lido ticket office (when SUP Center is closed) When the Lido is open, a limited number of &#8230; <\/p>\n<p class=\"read-more-container\"><a title=\"SUP hire\" class=\"read-more button\" href=\"https:\/\/www.surfcorner.ch\/en\/sup-hire\/#more-2717\" aria-label=\"Read more about SUP hire\">Weiterlesen<\/a><\/p>\n","protected":false},"author":2,"featured_media":0,"parent":0,"menu_order":0,"comment_status":"closed","ping_status":"open","template":"","meta":{"_uag_custom_page_level_css":"","footnotes":""},"class_list":["post-2717","page","type-page","status-publish"],"uagb_featured_image_src":{"full":false,"thumbnail":false,"medium":false,"medium_large":false,"large":false,"1536x1536":false,"2048x2048":false,"woocommerce_thumbnail":false,"woocommerce_single":false,"woocommerce_gallery_thumbnail":false,"ppec_logo_image_size":false,"ppec_header_image_size":false},"uagb_author_info":{"display_name":"Andi Stalder","author_link":"https:\/\/www.surfcorner.ch\/en\/author\/swifty\/"},"uagb_comment_info":0,"uagb_excerpt":"At the lakeside swimming area Lido, a prime location on the Lucerne lake basin, you can hire SUP boards by the hour. It&#8217;s important to know that there are two ways to hire SUP equipment: Rentals at the Lido ticket office (when SUP Center is closed) When the Lido is open, a limited number of&hellip;","_links":{"self":[{"href":"https:\/\/www.surfcorner.ch\/en\/wp-json\/wp\/v2\/pages\/2717","targetHints":{"allow":["GET"]}}],"collection":[{"href":"https:\/\/www.surfcorner.ch\/en\/wp-json\/wp\/v2\/pages"}],"about":[{"href":"https:\/\/www.surfcorner.ch\/en\/wp-json\/wp\/v2\/types\/page"}],"author":[{"embeddable":true,"href":"https:\/\/www.surfcorner.ch\/en\/wp-json\/wp\/v2\/users\/2"}],"replies":[{"embeddable":true,"href":"https:\/\/www.surfcorner.ch\/en\/wp-json\/wp\/v2\/comments?post=2717"}],"version-history":[{"count":4,"href":"https:\/\/www.surfcorner.ch\/en\/wp-json\/wp\/v2\/pages\/2717\/revisions"}],"predecessor-version":[{"id":2926,"href":"https:\/\/www.surfcorner.ch\/en\/wp-json\/wp\/v2\/pages\/2717\/revisions\/2926"}],"wp:attachment":[{"href":"https:\/\/www.surfcorner.ch\/en\/wp-json\/wp\/v2\/media?parent=2717"}],"curies":[{"name":"wp","href":"https:\/\/api.w.org\/{rel}","templated":true}]}}